{"id":77,"date":"2019-03-19T10:32:27","date_gmt":"2019-03-19T10:32:27","guid":{"rendered":"https:\/\/vlc.taxi\/home-fr\/"},"modified":"2019-04-03T17:19:38","modified_gmt":"2019-04-03T17:19:38","slug":"home-fr","status":"publish","type":"page","link":"https:\/\/vlc.taxi\/fr\/","title":{"rendered":"Home Fr"},"content":{"rendered":"<p>[et_pb_section bb_built=\u00a0\u00bb1&Prime; admin_label=\u00a0\u00bbHero Section\u00a0\u00bb fullwidth=\u00a0\u00bbon\u00a0\u00bb _builder_version=\u00a0\u00bb3.19.15&Prime; background_color=\u00a0\u00bb#e09900&Prime; parallax=\u00a0\u00bbon\u00a0\u00bb custom_padding=\u00a0\u00bb0px|0px|0px|0px\u00a0\u00bb][et_pb_fullwidth_header admin_label=\u00a0\u00bbHero\u00a0\u00bb title=\u00a0\u00bbTaxi de Valencia\u00a0\u00bb subhead=\u00a0\u00bb+34 607 30 10 30&Prime; header_fullscreen=\u00a0\u00bbon\u00a0\u00bb button_one_text=\u00a0\u00bbAppeler un taxi\u00a0\u00bb button_one_url=\u00a0\u00bbtel:+34607301030&Prime; background_overlay_color=\u00a0\u00bbrgba(0,0,0,0.49)\u00a0\u00bb content_max_width=\u00a0\u00bb700px\u00a0\u00bb _builder_version=\u00a0\u00bb3.21.1&Prime; title_font=\u00a0\u00bbOswald|on||on|\u00a0\u00bb title_font_size=\u00a0\u00bb70px\u00a0\u00bb title_line_height=\u00a0\u00bb1.2em\u00a0\u00bb content_font=\u00a0\u00bbRoboto||||\u00a0\u00bb content_font_size=\u00a0\u00bb20px\u00a0\u00bb content_line_height=\u00a0\u00bb1.7em\u00a0\u00bb subhead_font=\u00a0\u00bbOswald|600||on|||||\u00a0\u00bb subhead_text_color=\u00a0\u00bb#fff000&Prime; subhead_font_size=\u00a0\u00bb48px\u00a0\u00bb subhead_font_size_phone=\u00a0\u00bb36px\u00a0\u00bb subhead_font_size_last_edited=\u00a0\u00bbon|phone\u00a0\u00bb background_color=\u00a0\u00bbrgba(255, 255, 255, 0)\u00a0\u00bb background_image=\u00a0\u00bbhttps:\/\/vlc.taxi\/wp-content\/uploads\/2019\/03\/fondo-vlc-taxi-fr.jpg\u00a0\u00bb custom_button_two=\u00a0\u00bbon\u00a0\u00bb button_two_text_size=\u00a0\u00bb24&Prime; button_two_bg_color=\u00a0\u00bb#f4e400&Prime; button_two_icon=\u00a0\u00bb%%264%%\u00a0\u00bb custom_button_one=\u00a0\u00bbon\u00a0\u00bb button_one_text_size=\u00a0\u00bb28px\u00a0\u00bb button_one_text_color=\u00a0\u00bb#000000&Prime; button_one_bg_color=\u00a0\u00bb#edf000&Prime; button_one_border_color=\u00a0\u00bb#edf000&Prime; button_one_border_radius=\u00a0\u00bb0px\u00a0\u00bb button_one_letter_spacing=\u00a0\u00bb4px\u00a0\u00bb button_one_font=\u00a0\u00bbOswald|on||on|\u00a0\u00bb button_one_icon=\u00a0\u00bb%%264%%\u00a0\u00bb button_one_icon_color=\u00a0\u00bb#000000&Prime; button_one_on_hover=\u00a0\u00bboff\u00a0\u00bb button_one_text_size_phone=\u00a0\u00bb20px\u00a0\u00bb button_one_text_size_last_edited=\u00a0\u00bbon|phone\u00a0\u00bb box_shadow_style_button_one=\u00a0\u00bbpreset2&Prime; animation_direction=\u00a0\u00bbbottom\u00a0\u00bb animation_intensity_zoom=\u00a0\u00bb4%\u00a0\u00bb hover_enabled=\u00a0\u00bb0&Prime; button_one_text_size__hover_enabled=\u00a0\u00bboff\u00a0\u00bb button_one_text_size__hover=\u00a0\u00bbnull\u00a0\u00bb button_two_text_size__hover_enabled=\u00a0\u00bboff\u00a0\u00bb button_two_text_size__hover=\u00a0\u00bbnull\u00a0\u00bb button_one_text_color__hover_enabled=\u00a0\u00bbon\u00a0\u00bb button_one_text_color__hover=\u00a0\u00bb#edf000&Prime; button_two_text_color__hover_enabled=\u00a0\u00bboff\u00a0\u00bb button_two_text_color__hover=\u00a0\u00bbnull\u00a0\u00bb button_one_border_width__hover_enabled=\u00a0\u00bboff\u00a0\u00bb button_one_border_width__hover=\u00a0\u00bbnull\u00a0\u00bb button_two_border_width__hover_enabled=\u00a0\u00bboff\u00a0\u00bb button_two_border_width__hover=\u00a0\u00bbnull\u00a0\u00bb button_one_border_color__hover_enabled=\u00a0\u00bbon\u00a0\u00bb button_one_border_color__hover=\u00a0\u00bb#ffffff\u00a0\u00bb button_two_border_color__hover_enabled=\u00a0\u00bboff\u00a0\u00bb button_two_border_color__hover=\u00a0\u00bbnull\u00a0\u00bb button_one_border_radius__hover_enabled=\u00a0\u00bbon\u00a0\u00bb button_one_border_radius__hover=\u00a0\u00bb0px\u00a0\u00bb button_two_border_radius__hover_enabled=\u00a0\u00bboff\u00a0\u00bb button_two_border_radius__hover=\u00a0\u00bbnull\u00a0\u00bb button_one_letter_spacing__hover_enabled=\u00a0\u00bbon\u00a0\u00bb button_one_letter_spacing__hover=\u00a0\u00bb4px\u00a0\u00bb button_two_letter_spacing__hover_enabled=\u00a0\u00bboff\u00a0\u00bb button_two_letter_spacing__hover=\u00a0\u00bbnull\u00a0\u00bb button_one_bg_color__hover_enabled=\u00a0\u00bbon\u00a0\u00bb button_one_bg_color__hover=\u00a0\u00bbrgba(0,0,0,0)\u00a0\u00bb button_two_bg_color__hover_enabled=\u00a0\u00bboff\u00a0\u00bb button_two_bg_color__hover=\u00a0\u00bbnull\u00a0\u00bb title_font_size_last_edited=\u00a0\u00bbon|phone\u00a0\u00bb title_font_size_phone=\u00a0\u00bb38px\u00a0\u00bb parallax=\u00a0\u00bbon\u00a0\u00bb z_index_tablet=\u00a0\u00bb500&Prime;]<\/p>\n<p>\u00a0<\/p>\n<p>Nous s\u00e9rions ravis de vous vehiculer l\u00e0 o\u00f9 vous auriez besoin d&rsquo;y aller:<br \/>Que ce soit pour du shuttle a\u00e9roport, train, autocar ou bateau. Pour faire les courses, du shopping, avec votre famille ou vers le travail. <strong>Let\u00b4s Go!\u00a0<\/strong><\/p>\n<h2>\u00a0<\/h2>\n<p>[\/et_pb_fullwidth_header][\/et_pb_section]<\/p>\n","protected":false},"excerpt":{"rendered":"<p>[et_pb_section bb_built=\u00a0\u00bb1&Prime; admin_label=\u00a0\u00bbHero Section\u00a0\u00bb fullwidth=\u00a0\u00bbon\u00a0\u00bb _builder_version=\u00a0\u00bb3.19.15&Prime; background_color=\u00a0\u00bb#e09900&Prime; parallax=\u00a0\u00bbon\u00a0\u00bb custom_padding=\u00a0\u00bb0px|0px|0px|0px\u00a0\u00bb][et_pb_fullwidth_header admin_label=\u00a0\u00bbHero\u00a0\u00bb title=\u00a0\u00bbTaxi de Valencia\u00a0\u00bb subhead=\u00a0\u00bb+34 607 30 10 30&Prime; header_fullscreen=\u00a0\u00bbon\u00a0\u00bb button_one_text=\u00a0\u00bbAppeler un taxi\u00a0\u00bb button_one_url=\u00a0\u00bbtel:+34607301030&Prime; background_overlay_color=\u00a0\u00bbrgba(0,0,0,0.49)\u00a0\u00bb content_max_width=\u00a0\u00bb700px\u00a0\u00bb _builder_version=\u00a0\u00bb3.21.1&Prime; title_font=\u00a0\u00bbOswald|on||on|\u00a0\u00bb title_font_size=\u00a0\u00bb70px\u00a0\u00bb title_line_height=\u00a0\u00bb1.2em\u00a0\u00bb content_font=\u00a0\u00bbRoboto||||\u00a0\u00bb content_font_size=\u00a0\u00bb20px\u00a0\u00bb content_line_height=\u00a0\u00bb1.7em\u00a0\u00bb subhead_font=\u00a0\u00bbOswald|600||on|||||\u00a0\u00bb subhead_text_color=\u00a0\u00bb#fff000&Prime; subhead_font_size=\u00a0\u00bb48px\u00a0\u00bb subhead_font_size_phone=\u00a0\u00bb36px\u00a0\u00bb subhead_font_size_last_edited=\u00a0\u00bbon|phone\u00a0\u00bb background_color=\u00a0\u00bbrgba(255, 255, 255, 0)\u00a0\u00bb background_image=\u00a0\u00bbhttps:\/\/vlc.taxi\/wp-content\/uploads\/2019\/03\/fondo-vlc-taxi-fr.jpg\u00a0\u00bb custom_button_two=\u00a0\u00bbon\u00a0\u00bb button_two_text_size=\u00a0\u00bb24&Prime; button_two_bg_color=\u00a0\u00bb#f4e400&Prime; button_two_icon=\u00a0\u00bb%%264%%\u00a0\u00bb custom_button_one=\u00a0\u00bbon\u00a0\u00bb button_one_text_size=\u00a0\u00bb28px\u00a0\u00bb button_one_text_color=\u00a0\u00bb#000000&Prime; button_one_bg_color=\u00a0\u00bb#edf000&Prime; button_one_border_color=\u00a0\u00bb#edf000&Prime; button_one_border_radius=\u00a0\u00bb0px\u00a0\u00bb button_one_letter_spacing=\u00a0\u00bb4px\u00a0\u00bb button_one_font=\u00a0\u00bbOswald|on||on|\u00a0\u00bb button_one_icon=\u00a0\u00bb%%264%%\u00a0\u00bb [&hellip;]<\/p>\n","protected":false},"author":2,"featured_media":0,"parent":0,"menu_order":0,"comment_status":"closed","ping_status":"closed","template":"","meta":{"_et_pb_use_builder":"on","_et_pb_old_content":"","_et_gb_content_width":"","footnotes":""},"class_list":["post-77","page","type-page","status-publish","hentry"],"yoast_head":"<!-- This site is optimized with the Yoast SEO plugin v27.5 - https:\/\/yoast.com\/product\/yoast-seo-wordpress\/ -->\n<title>Taxi de Valence<\/title>\n<meta name=\"description\" content=\"Nous s\u00e9rions ravis de vous vehiculer l\u00e0 o\u00f9 vous auriez besoin d&#039;y aller: Que ce soit pour du shuttle a\u00e9roport, train, autocar ou bateau. Pour faire les courses, du shopping, avec votre famille ou vers le travail.\" \/>\n<meta name=\"robots\" content=\"index, follow, max-snippet:-1, max-image-preview:large, max-video-preview:-1\" \/>\n<link rel=\"canonical\" href=\"https:\/\/beige-porpoise-612356.hostingersite.com\/\" \/>\n<meta property=\"og:locale\" content=\"fr_FR\" \/>\n<meta property=\"og:type\" content=\"article\" \/>\n<meta property=\"og:title\" content=\"Taxi de Valence\" \/>\n<meta property=\"og:description\" content=\"Nous s\u00e9rions ravis de vous vehiculer l\u00e0 o\u00f9 vous auriez besoin d&#039;y aller: Que ce soit pour du shuttle a\u00e9roport, train, autocar ou bateau. Pour faire les courses, du shopping, avec votre famille ou vers le travail.\" \/>\n<meta property=\"og:url\" content=\"https:\/\/beige-porpoise-612356.hostingersite.com\/\" \/>\n<meta property=\"og:site_name\" content=\"Taxi Valencia VLC.taxi\" \/>\n<meta property=\"article:modified_time\" content=\"2019-04-03T17:19:38+00:00\" \/>\n<meta property=\"og:image\" content=\"https:\/\/beige-porpoise-612356.hostingersite.com\/wp-content\/uploads\/2019\/03\/fondo-vlc-taxi-fr.jpg\" \/>\n\t<meta property=\"og:image:width\" content=\"1263\" \/>\n\t<meta property=\"og:image:height\" content=\"842\" \/>\n\t<meta property=\"og:image:type\" content=\"image\/jpeg\" \/>\n<meta name=\"twitter:card\" content=\"summary_large_image\" \/>\n<meta name=\"twitter:label1\" content=\"Dur\u00e9e de lecture estim\u00e9e\" \/>\n\t<meta name=\"twitter:data1\" content=\"2 minutes\" \/>\n<script type=\"application\/ld+json\" class=\"yoast-schema-graph\">{\"@context\":\"https:\\\/\\\/schema.org\",\"@graph\":[{\"@type\":\"WebPage\",\"@id\":\"https:\\\/\\\/beige-porpoise-612356.hostingersite.com\\\/\",\"url\":\"https:\\\/\\\/beige-porpoise-612356.hostingersite.com\\\/\",\"name\":\"Taxi de Valence\",\"isPartOf\":{\"@id\":\"https:\\\/\\\/beige-porpoise-612356.hostingersite.com\\\/#website\"},\"datePublished\":\"2019-03-19T10:32:27+00:00\",\"dateModified\":\"2019-04-03T17:19:38+00:00\",\"description\":\"Nous s\u00e9rions ravis de vous vehiculer l\u00e0 o\u00f9 vous auriez besoin d'y aller: Que ce soit pour du shuttle a\u00e9roport, train, autocar ou bateau. Pour faire les courses, du shopping, avec votre famille ou vers le travail.\",\"breadcrumb\":{\"@id\":\"https:\\\/\\\/beige-porpoise-612356.hostingersite.com\\\/#breadcrumb\"},\"inLanguage\":\"fr-FR\",\"potentialAction\":[{\"@type\":\"ReadAction\",\"target\":[\"https:\\\/\\\/beige-porpoise-612356.hostingersite.com\\\/\"]}]},{\"@type\":\"BreadcrumbList\",\"@id\":\"https:\\\/\\\/beige-porpoise-612356.hostingersite.com\\\/#breadcrumb\",\"itemListElement\":[{\"@type\":\"ListItem\",\"position\":1,\"name\":\"Home\",\"item\":\"https:\\\/\\\/beige-porpoise-612356.hostingersite.com\\\/\"},{\"@type\":\"ListItem\",\"position\":2,\"name\":\"Home Fr\"}]},{\"@type\":\"WebSite\",\"@id\":\"https:\\\/\\\/beige-porpoise-612356.hostingersite.com\\\/#website\",\"url\":\"https:\\\/\\\/beige-porpoise-612356.hostingersite.com\\\/\",\"name\":\"Taxi Valencia VLC.taxi\",\"description\":\"\",\"potentialAction\":[{\"@type\":\"SearchAction\",\"target\":{\"@type\":\"EntryPoint\",\"urlTemplate\":\"https:\\\/\\\/beige-porpoise-612356.hostingersite.com\\\/?s={search_term_string}\"},\"query-input\":{\"@type\":\"PropertyValueSpecification\",\"valueRequired\":true,\"valueName\":\"search_term_string\"}}],\"inLanguage\":\"fr-FR\"}]}<\/script>\n<!-- \/ Yoast SEO plugin. -->","yoast_head_json":{"title":"Taxi de Valence","description":"Nous s\u00e9rions ravis de vous vehiculer l\u00e0 o\u00f9 vous auriez besoin d'y aller: Que ce soit pour du shuttle a\u00e9roport, train, autocar ou bateau. Pour faire les courses, du shopping, avec votre famille ou vers le travail.","robots":{"index":"index","follow":"follow","max-snippet":"max-snippet:-1","max-image-preview":"max-image-preview:large","max-video-preview":"max-video-preview:-1"},"canonical":"https:\/\/beige-porpoise-612356.hostingersite.com\/","og_locale":"fr_FR","og_type":"article","og_title":"Taxi de Valence","og_description":"Nous s\u00e9rions ravis de vous vehiculer l\u00e0 o\u00f9 vous auriez besoin d'y aller: Que ce soit pour du shuttle a\u00e9roport, train, autocar ou bateau. Pour faire les courses, du shopping, avec votre famille ou vers le travail.","og_url":"https:\/\/beige-porpoise-612356.hostingersite.com\/","og_site_name":"Taxi Valencia VLC.taxi","article_modified_time":"2019-04-03T17:19:38+00:00","og_image":[{"width":1263,"height":842,"url":"https:\/\/beige-porpoise-612356.hostingersite.com\/wp-content\/uploads\/2019\/03\/fondo-vlc-taxi-fr.jpg","type":"image\/jpeg"}],"twitter_card":"summary_large_image","twitter_misc":{"Dur\u00e9e de lecture estim\u00e9e":"2 minutes"},"schema":{"@context":"https:\/\/schema.org","@graph":[{"@type":"WebPage","@id":"https:\/\/beige-porpoise-612356.hostingersite.com\/","url":"https:\/\/beige-porpoise-612356.hostingersite.com\/","name":"Taxi de Valence","isPartOf":{"@id":"https:\/\/beige-porpoise-612356.hostingersite.com\/#website"},"datePublished":"2019-03-19T10:32:27+00:00","dateModified":"2019-04-03T17:19:38+00:00","description":"Nous s\u00e9rions ravis de vous vehiculer l\u00e0 o\u00f9 vous auriez besoin d'y aller: Que ce soit pour du shuttle a\u00e9roport, train, autocar ou bateau. Pour faire les courses, du shopping, avec votre famille ou vers le travail.","breadcrumb":{"@id":"https:\/\/beige-porpoise-612356.hostingersite.com\/#breadcrumb"},"inLanguage":"fr-FR","potentialAction":[{"@type":"ReadAction","target":["https:\/\/beige-porpoise-612356.hostingersite.com\/"]}]},{"@type":"BreadcrumbList","@id":"https:\/\/beige-porpoise-612356.hostingersite.com\/#breadcrumb","itemListElement":[{"@type":"ListItem","position":1,"name":"Home","item":"https:\/\/beige-porpoise-612356.hostingersite.com\/"},{"@type":"ListItem","position":2,"name":"Home Fr"}]},{"@type":"WebSite","@id":"https:\/\/beige-porpoise-612356.hostingersite.com\/#website","url":"https:\/\/beige-porpoise-612356.hostingersite.com\/","name":"Taxi Valencia VLC.taxi","description":"","potentialAction":[{"@type":"SearchAction","target":{"@type":"EntryPoint","urlTemplate":"https:\/\/beige-porpoise-612356.hostingersite.com\/?s={search_term_string}"},"query-input":{"@type":"PropertyValueSpecification","valueRequired":true,"valueName":"search_term_string"}}],"inLanguage":"fr-FR"}]}},"_links":{"self":[{"href":"https:\/\/vlc.taxi\/fr\/wp-json\/wp\/v2\/pages\/77","targetHints":{"allow":["GET"]}}],"collection":[{"href":"https:\/\/vlc.taxi\/fr\/wp-json\/wp\/v2\/pages"}],"about":[{"href":"https:\/\/vlc.taxi\/fr\/wp-json\/wp\/v2\/types\/page"}],"author":[{"embeddable":true,"href":"https:\/\/vlc.taxi\/fr\/wp-json\/wp\/v2\/users\/2"}],"replies":[{"embeddable":true,"href":"https:\/\/vlc.taxi\/fr\/wp-json\/wp\/v2\/comments?post=77"}],"version-history":[{"count":6,"href":"https:\/\/vlc.taxi\/fr\/wp-json\/wp\/v2\/pages\/77\/revisions"}],"predecessor-version":[{"id":152,"href":"https:\/\/vlc.taxi\/fr\/wp-json\/wp\/v2\/pages\/77\/revisions\/152"}],"wp:attachment":[{"href":"https:\/\/vlc.taxi\/fr\/wp-json\/wp\/v2\/media?parent=77"}],"curies":[{"name":"wp","href":"https:\/\/api.w.org\/{rel}","templated":true}]}}